{"id":271,"date":"2025-11-07T09:34:01","date_gmt":"2025-11-07T08:34:01","guid":{"rendered":"https:\/\/marbenicleaning.com\/?page_id=271"},"modified":"2025-11-21T14:31:25","modified_gmt":"2025-11-21T13:31:25","slug":"privacy-policy","status":"publish","type":"page","link":"https:\/\/marbenicleaning.com\/es\/privacy-policy\/","title":{"rendered":"Pol\u00edtica de privacidad"},"content":{"rendered":"<div data-elementor-type=\"wp-page\" data-elementor-id=\"271\" class=\"elementor elementor-271\" data-elementor-post-type=\"page\">\n\t\t\t\t<div class=\"elementor-element elementor-element-7bb23e5 e-con-full e-flex e-con e-parent\" data-id=\"7bb23e5\" data-element_type=\"container\" data-e-type=\"container\" data-settings=\"{&quot;background_background&quot;:&quot;classic&quot;}\">\n\t\t<div class=\"elementor-element elementor-element-a1de79e e-con-full e-flex e-con e-child\" data-id=\"a1de79e\" data-element_type=\"container\" data-e-type=\"container\">\n\t\t\t\t<div class=\"elementor-element elementor-element-bdce7c6 elementor-widget elementor-widget-heading\" data-id=\"bdce7c6\" data-element_type=\"widget\" data-e-type=\"widget\" data-widget_type=\"heading.default\">\n\t\t\t\t\t<h1 class=\"elementor-heading-title elementor-size-default\">Pol\u00edtica de privacidad<\/h1>\t\t\t\t<\/div>\n\t\t\t\t<div class=\"elementor-element elementor-element-e84c81e elementor-widget__width-initial elementor-widget elementor-widget-text-editor\" data-id=\"e84c81e\" data-element_type=\"widget\" data-e-type=\"widget\" data-widget_type=\"text-editor.default\">\n\t\t\t\t\t\t\t\t\t<p><strong>1. Controlador de datos<\/strong><\/p><p>El responsable del tratamiento de los datos personales es Marbeni Cleaning, accesible en encarnabenitezvazquez@gmail.com<br \/>y por tel\u00e9fono en el +34 647 206 699.<\/p><p><strong>2. Finalidad del tratamiento de datos<\/strong><\/p><p>Los datos personales recogidos de los usuarios se utilizar\u00e1n para los siguientes fines:<\/p><p>Gestionar solicitudes de informaci\u00f3n, presupuestos o contratos de servicios de limpieza.<\/p><p>Mantener la comunicaci\u00f3n comercial y administrativa con los clientes.<\/p><p>Para enviar informaci\u00f3n sobre servicios, promociones o noticias, siempre que el usuario haya dado su consentimiento expl\u00edcito.<\/p><p><strong>3. 3. Base jur\u00eddica<\/strong><\/p><p>El tratamiento de sus datos se basa en:<\/p><p>Ejecuci\u00f3n de un contrato o medidas precontractuales.<\/p><p>Consentimiento expl\u00edcito del interesado para comunicaciones comerciales.<\/p><p>Cumplimiento de las obligaciones legales derivadas de la relaci\u00f3n contractual.<\/p><p><strong>4. 4. Conservaci\u00f3n de datos<\/strong><\/p><p>Los datos se conservar\u00e1n durante el tiempo necesario para cumplir los fines descritos y mientras exista una relaci\u00f3n comercial o contractual. Posteriormente, los datos permanecer\u00e1n bloqueados durante el plazo legalmente establecido.<\/p><p>5. Divulgaci\u00f3n de datos<\/p><p>Los datos personales no se compartir\u00e1n con terceros, salvo cuando lo exija la ley o sea necesario para la prestaci\u00f3n de servicios (por ejemplo, proveedores inform\u00e1ticos o empresas de contabilidad).<\/p><p><strong>6. Derechos de los usuarios<\/strong><\/p><p>Los usuarios pueden ejercer sus derechos de acceso, rectificaci\u00f3n, supresi\u00f3n, oposici\u00f3n, limitaci\u00f3n del tratamiento y portabilidad de datos en cualquier momento.<br \/>Las solicitudes deben enviarse por escrito, junto con una prueba de identidad, a: encarnabenitezvazquez@gmail.com<\/p><p>Si considera que no se han respetado sus derechos, puede presentar una reclamaci\u00f3n ante la Agencia Espa\u00f1ola de Protecci\u00f3n de Datos (AEPD).<\/p><p><strong>7. 7. Seguridad de los datos<\/strong><\/p><p>Marbeni Cleaning aplica las medidas t\u00e9cnicas y organizativas apropiadas para garantizar la seguridad de los datos de car\u00e1cter personal y evitar su alteraci\u00f3n, p\u00e9rdida, tratamiento o acceso no autorizado.<\/p><p><strong>8. Cambios en esta pol\u00edtica de privacidad<\/strong><\/p><p>Marbeni Cleaning se reserva el derecho de modificar esta Pol\u00edtica de Privacidad para reflejar actualizaciones legales o cambios en los servicios de la empresa. Las actualizaciones se publicar\u00e1n en el sitio web o se comunicar\u00e1n a trav\u00e9s de los canales de contacto habituales.<\/p>\t\t\t\t\t\t\t\t<\/div>\n\t\t\t\t<\/div>\n\t\t\t\t<\/div>\n\t\t\t\t<\/div>","protected":false},"excerpt":{"rendered":"<p>Privacy Policy 1. Data Controller The data controller responsible for processing personal data is Marbeni Cleaning, reachable at encarnabenitezvazquez@gmail.comand by phone at +34 647 206 699. 2. Purpose of Data Processing Personal data collected from users will be used for the following purposes: To manage requests for information, quotations, or cleaning service contracts. To maintain [&hellip;]<\/p>\n","protected":false},"author":1,"featured_media":0,"parent":0,"menu_order":0,"comment_status":"closed","ping_status":"closed","template":"","meta":{"_seopress_robots_primary_cat":"","_seopress_titles_title":"","_seopress_titles_desc":"","_seopress_robots_index":"yes","footnotes":""},"class_list":["post-271","page","type-page","status-publish","hentry"],"_links":{"self":[{"href":"https:\/\/marbenicleaning.com\/es\/wp-json\/wp\/v2\/pages\/271","targetHints":{"allow":["GET"]}}],"collection":[{"href":"https:\/\/marbenicleaning.com\/es\/wp-json\/wp\/v2\/pages"}],"about":[{"href":"https:\/\/marbenicleaning.com\/es\/wp-json\/wp\/v2\/types\/page"}],"author":[{"embeddable":true,"href":"https:\/\/marbenicleaning.com\/es\/wp-json\/wp\/v2\/users\/1"}],"replies":[{"embeddable":true,"href":"https:\/\/marbenicleaning.com\/es\/wp-json\/wp\/v2\/comments?post=271"}],"version-history":[{"count":7,"href":"https:\/\/marbenicleaning.com\/es\/wp-json\/wp\/v2\/pages\/271\/revisions"}],"predecessor-version":[{"id":281,"href":"https:\/\/marbenicleaning.com\/es\/wp-json\/wp\/v2\/pages\/271\/revisions\/281"}],"wp:attachment":[{"href":"https:\/\/marbenicleaning.com\/es\/wp-json\/wp\/v2\/media?parent=271"}],"curies":[{"name":"wp","href":"https:\/\/api.w.org\/{rel}","templated":true}]}}