{"id":17,"date":"2025-11-05T09:21:45","date_gmt":"2025-11-05T08:21:45","guid":{"rendered":"https:\/\/marbenicleaning.com\/?page_id=17"},"modified":"2025-11-21T14:32:59","modified_gmt":"2025-11-21T13:32:59","slug":"about-us","status":"publish","type":"page","link":"https:\/\/marbenicleaning.com\/es\/about-us\/","title":{"rendered":"Qui\u00e9nes somos"},"content":{"rendered":"<div data-elementor-type=\"wp-page\" data-elementor-id=\"17\" class=\"elementor elementor-17\" data-elementor-post-type=\"page\">\n\t\t\t\t<div class=\"elementor-element elementor-element-f9d9030 e-con-full e-flex e-con e-parent\" data-id=\"f9d9030\" data-element_type=\"container\" data-e-type=\"container\" data-settings=\"{&quot;background_background&quot;:&quot;classic&quot;}\">\n\t\t<div class=\"elementor-element elementor-element-831342f e-con-full e-flex e-con e-child\" data-id=\"831342f\" data-element_type=\"container\" data-e-type=\"container\" data-settings=\"{&quot;background_background&quot;:&quot;classic&quot;}\">\n\t\t\t\t<\/div>\n\t\t<div class=\"elementor-element elementor-element-44550c7 e-con-full e-flex e-con e-child\" data-id=\"44550c7\" data-element_type=\"container\" data-e-type=\"container\">\n\t\t\t\t<div class=\"elementor-element elementor-element-e3ddd17 elementor-widget elementor-widget-heading\" data-id=\"e3ddd17\" data-element_type=\"widget\" data-e-type=\"widget\" data-widget_type=\"heading.default\">\n\t\t\t\t\t<h1 class=\"elementor-heading-title elementor-size-default\">Qui\u00e9nes somos<\/h1>\t\t\t\t<\/div>\n\t\t\t\t<div class=\"elementor-element elementor-element-f533792 elementor-widget__width-initial elementor-widget elementor-widget-text-editor\" data-id=\"f533792\" data-element_type=\"widget\" data-e-type=\"widget\" data-widget_type=\"text-editor.default\">\n\t\t\t\t\t\t\t\t\t<p data-start=\"260\" data-end=\"596\"><strong>Limpieza Marbeni<\/strong> es una empresa local de confianza con sede en Marbella, especializada en la <strong>limpieza<\/strong> de<strong> villas<\/strong>, casas y <strong>alquileres de vacaciones<\/strong> a trav\u00e9s de la Costa del Sol.<br data-start=\"416\" data-end=\"419\" \/>Somos conocidos por nuestra profesionalidad, flexibilidad y enfoque personal, y ofrecemos servicios fiables dise\u00f1ados para satisfacer las expectativas tanto de los propietarios como de sus hu\u00e9spedes.<\/p><p data-start=\"598\" data-end=\"845\">Entendemos que la limpieza desempe\u00f1a un papel fundamental en el sector tur\u00edstico: garantiza la comodidad, mejora las cr\u00edticas y mejora la experiencia de cada hu\u00e9sped. Por eso nos centramos en la calidad, la atenci\u00f3n al detalle y una comunicaci\u00f3n clara con cada cliente.<\/p>\t\t\t\t\t\t\t\t<\/div>\n\t\t\t\t<div class=\"elementor-element elementor-element-9eb3ba3 elementor-widget__width-initial elementor-widget elementor-widget-heading\" data-id=\"9eb3ba3\" data-element_type=\"widget\" data-e-type=\"widget\" data-widget_type=\"heading.default\">\n\t\t\t\t\t<p class=\"elementor-heading-title elementor-size-default\">En Marbeni Cleaning, nuestra misi\u00f3n es ofrecer resultados impecables que ayuden a los propietarios y administradores de propiedades a ofrecer una estancia excepcional a cada hu\u00e9sped.<\/p>\t\t\t\t<\/div>\n\t\t\t\t<\/div>\n\t\t\t\t<\/div>\n\t\t<div class=\"elementor-element elementor-element-eeb3557 e-con-full e-flex e-con e-parent\" data-id=\"eeb3557\" data-element_type=\"container\" data-e-type=\"container\" data-settings=\"{&quot;background_background&quot;:&quot;classic&quot;}\">\n\t\t<div class=\"elementor-element elementor-element-5871aaf e-con-full e-flex e-con e-child\" data-id=\"5871aaf\" data-element_type=\"container\" data-e-type=\"container\">\n\t\t\t\t<div class=\"elementor-element elementor-element-9b510c5 elementor-widget elementor-widget-heading\" data-id=\"9b510c5\" data-element_type=\"widget\" data-e-type=\"widget\" data-widget_type=\"heading.default\">\n\t\t\t\t\t<h2 class=\"elementor-heading-title elementor-size-default\">Lo que nos diferencia<\/h2>\t\t\t\t<\/div>\n\t\t<div class=\"elementor-element elementor-element-a289525 e-grid e-con-full e-con e-child\" data-id=\"a289525\" data-element_type=\"container\" data-e-type=\"container\">\n\t\t<div class=\"elementor-element elementor-element-f0dba11 e-con-full e-flex e-con e-child\" data-id=\"f0dba11\" data-element_type=\"container\" data-e-type=\"container\">\n\t\t\t\t<div class=\"elementor-element elementor-element-3ba1ee7 elementor-widget elementor-widget-heading\" data-id=\"3ba1ee7\" data-element_type=\"widget\" data-e-type=\"widget\" data-widget_type=\"heading.default\">\n\t\t\t\t\t<p class=\"elementor-heading-title elementor-size-default\">1<\/p>\t\t\t\t<\/div>\n\t\t\t\t<div class=\"elementor-element elementor-element-2938a1c elementor-widget elementor-widget-heading\" data-id=\"2938a1c\" data-element_type=\"widget\" data-e-type=\"widget\" data-widget_type=\"heading.default\">\n\t\t\t\t\t<p class=\"elementor-heading-title elementor-size-default\">Servicio a medida<\/p>\t\t\t\t<\/div>\n\t\t\t\t<div class=\"elementor-element elementor-element-fe550fd elementor-widget elementor-widget-heading\" data-id=\"fe550fd\" data-element_type=\"widget\" data-e-type=\"widget\" data-widget_type=\"heading.default\">\n\t\t\t\t\t<p class=\"elementor-heading-title elementor-size-default\">Nos adaptamos a su horario y a las necesidades de su propiedad<\/p>\t\t\t\t<\/div>\n\t\t\t\t<\/div>\n\t\t<div class=\"elementor-element elementor-element-79f371c e-con-full e-flex e-con e-child\" data-id=\"79f371c\" data-element_type=\"container\" data-e-type=\"container\">\n\t\t\t\t<div class=\"elementor-element elementor-element-0d89b1a elementor-widget elementor-widget-heading\" data-id=\"0d89b1a\" data-element_type=\"widget\" data-e-type=\"widget\" data-widget_type=\"heading.default\">\n\t\t\t\t\t<p class=\"elementor-heading-title elementor-size-default\">2<\/p>\t\t\t\t<\/div>\n\t\t\t\t<div class=\"elementor-element elementor-element-4416966 elementor-widget elementor-widget-heading\" data-id=\"4416966\" data-element_type=\"widget\" data-e-type=\"widget\" data-widget_type=\"heading.default\">\n\t\t\t\t\t<p class=\"elementor-heading-title elementor-size-default\">Respuesta r\u00e1pida<\/p>\t\t\t\t<\/div>\n\t\t\t\t<div class=\"elementor-element elementor-element-c400791 elementor-widget elementor-widget-heading\" data-id=\"c400791\" data-element_type=\"widget\" data-e-type=\"widget\" data-widget_type=\"heading.default\">\n\t\t\t\t\t<p class=\"elementor-heading-title elementor-size-default\">Siempre cerca y listos cuando nos necesite<\/p>\t\t\t\t<\/div>\n\t\t\t\t<\/div>\n\t\t<div class=\"elementor-element elementor-element-ceb8956 e-con-full e-flex e-con e-child\" data-id=\"ceb8956\" data-element_type=\"container\" data-e-type=\"container\">\n\t\t\t\t<div class=\"elementor-element elementor-element-18abd30 elementor-widget elementor-widget-heading\" data-id=\"18abd30\" data-element_type=\"widget\" data-e-type=\"widget\" data-widget_type=\"heading.default\">\n\t\t\t\t\t<p class=\"elementor-heading-title elementor-size-default\">3<\/p>\t\t\t\t<\/div>\n\t\t\t\t<div class=\"elementor-element elementor-element-da4da61 elementor-widget elementor-widget-heading\" data-id=\"da4da61\" data-element_type=\"widget\" data-e-type=\"widget\" data-widget_type=\"heading.default\">\n\t\t\t\t\t<p class=\"elementor-heading-title elementor-size-default\">Contacto directo<\/p>\t\t\t\t<\/div>\n\t\t\t\t<div class=\"elementor-element elementor-element-8608368 elementor-widget elementor-widget-heading\" data-id=\"8608368\" data-element_type=\"widget\" data-e-type=\"widget\" data-widget_type=\"heading.default\">\n\t\t\t\t\t<p class=\"elementor-heading-title elementor-size-default\">Sin intermediarios, s\u00f3lo un servicio cercano y de confianza<\/p>\t\t\t\t<\/div>\n\t\t\t\t<\/div>\n\t\t<div class=\"elementor-element elementor-element-897fbe0 e-con-full e-flex e-con e-child\" data-id=\"897fbe0\" data-element_type=\"container\" data-e-type=\"container\">\n\t\t\t\t<div class=\"elementor-element elementor-element-71b252a elementor-widget elementor-widget-heading\" data-id=\"71b252a\" data-element_type=\"widget\" data-e-type=\"widget\" data-widget_type=\"heading.default\">\n\t\t\t\t\t<p class=\"elementor-heading-title elementor-size-default\">4<\/p>\t\t\t\t<\/div>\n\t\t\t\t<div class=\"elementor-element elementor-element-3b0c838 elementor-widget elementor-widget-heading\" data-id=\"3b0c838\" data-element_type=\"widget\" data-e-type=\"widget\" data-widget_type=\"heading.default\">\n\t\t\t\t\t<p class=\"elementor-heading-title elementor-size-default\">Experiencia local<\/p>\t\t\t\t<\/div>\n\t\t\t\t<div class=\"elementor-element elementor-element-d0da393 elementor-widget elementor-widget-heading\" data-id=\"d0da393\" data-element_type=\"widget\" data-e-type=\"widget\" data-widget_type=\"heading.default\">\n\t\t\t\t\t<p class=\"elementor-heading-title elementor-size-default\">Conocemos las expectativas de los clientes internacionales<\/p>\t\t\t\t<\/div>\n\t\t\t\t<\/div>\n\t\t\t\t<\/div>\n\t\t\t\t<\/div>\n\t\t\t\t<\/div>\n\t\t\t\t<\/div>","protected":false},"excerpt":{"rendered":"<p>Who We Are Marbeni Cleaning is a trusted local company based in Marbella, specialising in the cleaning of villas, houses, and holiday rentals across the Costa del Sol.We\u2019re known for our professionalism, flexibility, and personal approach, offering reliable services designed to meet the expectations of both property owners and their guests. We understand that cleanliness [&hellip;]<\/p>\n","protected":false},"author":1,"featured_media":0,"parent":0,"menu_order":0,"comment_status":"closed","ping_status":"closed","template":"","meta":{"_seopress_robots_primary_cat":"","_seopress_titles_title":"About Us | Marbeni Cleaning | Professional Cleaning Services | Marbella","_seopress_titles_desc":"Marbeni Cleaning in Marbella offers professional villa and holiday rental cleaning across Costa del Sol, ensuring spotless homes and exceptional guest experiences.","_seopress_robots_index":"","footnotes":""},"class_list":["post-17","page","type-page","status-publish","hentry"],"_links":{"self":[{"href":"https:\/\/marbenicleaning.com\/es\/wp-json\/wp\/v2\/pages\/17","targetHints":{"allow":["GET"]}}],"collection":[{"href":"https:\/\/marbenicleaning.com\/es\/wp-json\/wp\/v2\/pages"}],"about":[{"href":"https:\/\/marbenicleaning.com\/es\/wp-json\/wp\/v2\/types\/page"}],"author":[{"embeddable":true,"href":"https:\/\/marbenicleaning.com\/es\/wp-json\/wp\/v2\/users\/1"}],"replies":[{"embeddable":true,"href":"https:\/\/marbenicleaning.com\/es\/wp-json\/wp\/v2\/comments?post=17"}],"version-history":[{"count":64,"href":"https:\/\/marbenicleaning.com\/es\/wp-json\/wp\/v2\/pages\/17\/revisions"}],"predecessor-version":[{"id":266,"href":"https:\/\/marbenicleaning.com\/es\/wp-json\/wp\/v2\/pages\/17\/revisions\/266"}],"wp:attachment":[{"href":"https:\/\/marbenicleaning.com\/es\/wp-json\/wp\/v2\/media?parent=17"}],"curies":[{"name":"wp","href":"https:\/\/api.w.org\/{rel}","templated":true}]}}